{"id":2212,"date":"2024-03-19T09:47:32","date_gmt":"2024-03-19T08:47:32","guid":{"rendered":"https:\/\/xn--lescrationsdemarie-fwb.fr\/?post_type=product&#038;p=2212"},"modified":"2025-03-29T15:19:22","modified_gmt":"2025-03-29T14:19:22","slug":"commande-personnalise","status":"publish","type":"product","link":"https:\/\/xn--lescrationsdemarie-fwb.fr\/index.php\/produit\/commande-personnalise\/","title":{"rendered":"Cr\u00e9ation Personnalis\u00e9e"},"content":{"rendered":"<p>Comptez 5 \u00e0 7 jours ouvr\u00e9s de fabrication. Le d\u00e9lais peut \u00eatre variable selon le nombre de commandes. Etant donn\u00e9 que toutes mes cr\u00e9ations sont r\u00e9alis\u00e9s \u00e0 la main, les cr\u00e9ations personnalis\u00e9s peuvent n\u00e9cessiter plus de temps \u00e0 la r\u00e9alisation.<\/p>\n<p><strong><em>Conseil d&rsquo;utilisation et d&rsquo;entretien<\/em><\/strong><\/p>\n<p>Exposition int\u00e9rieur et ext\u00e9rieur, craint le gel et une longue exposition au soleil peut faire ternir les couleurs et d\u00e9t\u00e9riorer les accessoires. R\u00e9siste \u00e0 l&rsquo;eau, vernis sp\u00e9cial pour l&rsquo;ext\u00e9rieur. Nettoyage \u00e0 l&rsquo;eau \u00e0 l&rsquo;aide d&rsquo;un chiffon humide.<\/p>\n<p>Contact si besoin 06.99.60.61.65 \/ lescreationsdemarie19@gmail.com<\/p>\n","protected":false},"excerpt":{"rendered":"<p>Personnage d\u00e9coratif peint enti\u00e8rement \u00e0 la main, \u00e0 partir de pots de fleurs en terre cuite, fabriqu\u00e9 au c\u0153ur de l&rsquo;auvergne dans mon atelier !<\/p>\n<p>Les motifs et les personnalisations sont faits aux pinceaux, le choix de la police et de la disposition sera r\u00e9alis\u00e9 au gr\u00e9 de l&rsquo;inspiration de la cr\u00e9atrice.<\/p>\n<p><strong>A offrir ou \u00e0 s&rsquo;offrir pour un cadeau fait main, unique!<\/strong><\/p>\n","protected":false},"featured_media":2244,"comment_status":"closed","ping_status":"closed","template":"","meta":{"content-type":"","site-sidebar-layout":"default","site-content-layout":"","ast-site-content-layout":"default","site-content-style":"default","site-sidebar-style":"default","ast-global-header-display":"","ast-banner-title-visibility":"","ast-main-header-display":"","ast-hfb-above-header-display":"","ast-hfb-below-header-display":"","ast-hfb-mobile-header-display":"","site-post-title":"","ast-breadcrumbs-content":"","ast-featured-img":"","footer-sml-layout":"","theme-transparent-header-meta":"default","adv-header-id-meta":"","stick-header-meta":"","header-above-stick-meta":"","header-main-stick-meta":"","header-below-stick-meta":"","astra-migrate-meta-layouts":"set","ast-page-background-enabled":"default","ast-page-background-meta":{"desktop":{"background-color":"var(--ast-global-color-4)","background-image":"","background-repeat":"repeat","background-position":"center center","background-size":"auto","background-attachment":"scroll","background-type":"","background-media":"","overlay-type":"","overlay-color":"","overlay-opacity":"","overlay-gradient":""},"tablet":{"background-color":"","background-image":"","background-repeat":"repeat","background-position":"center center","background-size":"auto","background-attachment":"scroll","background-type":"","background-media":"","overlay-type":"","overlay-color":"","overlay-opacity":"","overlay-gradient":""},"mobile":{"background-color":"","background-image":"","background-repeat":"repeat","background-position":"center center","background-size":"auto","background-attachment":"scroll","background-type":"","background-media":"","overlay-type":"","overlay-color":"","overlay-opacity":"","overlay-gradient":""}},"ast-content-background-meta":{"desktop":{"background-color":"var(--ast-global-color-5)","background-image":"","background-repeat":"repeat","background-position":"center center","background-size":"auto","background-attachment":"scroll","background-type":"","background-media":"","overlay-type":"","overlay-color":"","overlay-opacity":"","overlay-gradient":""},"tablet":{"background-color":"var(--ast-global-color-5)","background-image":"","background-repeat":"repeat","background-position":"center center","background-size":"auto","background-attachment":"scroll","background-type":"","background-media":"","overlay-type":"","overlay-color":"","overlay-opacity":"","overlay-gradient":""},"mobile":{"background-color":"var(--ast-global-color-5)","background-image":"","background-repeat":"repeat","background-position":"center center","background-size":"auto","background-attachment":"scroll","background-type":"","background-media":"","overlay-type":"","overlay-color":"","overlay-opacity":"","overlay-gradient":""}}},"product_brand":[],"product_cat":[48],"product_tag":[],"giftcard-category":[],"class_list":{"0":"post-2212","1":"product","2":"type-product","3":"status-publish","4":"has-post-thumbnail","6":"product_cat-personnalisation","7":"desktop-align-center","8":"tablet-align-left","9":"mobile-align-left","11":"first","12":"instock","13":"shipping-taxable","14":"purchasable","15":"product-type-variable"},"yoast_head":"<!-- This site is optimized with the Yoast SEO plugin v26.5 - https:\/\/yoast.com\/wordpress\/plugins\/seo\/ -->\n<title>Cr\u00e9ation Personnalis\u00e9e - Les cr\u00e9ations de Marie<\/title>\n<meta name=\"robots\" content=\"index, follow, max-snippet:-1, max-image-preview:large, max-video-preview:-1\" \/>\n<link rel=\"canonical\" href=\"https:\/\/xn--lescrationsdemarie-fwb.fr\/index.php\/produit\/commande-personnalise\/\" \/>\n<meta property=\"og:locale\" content=\"fr_FR\" \/>\n<meta property=\"og:type\" content=\"article\" \/>\n<meta property=\"og:title\" content=\"Cr\u00e9ation Personnalis\u00e9e - Les cr\u00e9ations de Marie\" \/>\n<meta property=\"og:description\" content=\"Personnage d\u00e9coratif peint enti\u00e8rement \u00e0 la main, \u00e0 partir de pots de fleurs en terre cuite, fabriqu\u00e9 au c\u0153ur de l&#039;auvergne dans mon atelier !  Les motifs et les personnalisations sont faits aux pinceaux, le choix de la police et de la disposition sera r\u00e9alis\u00e9 au gr\u00e9 de l&#039;inspiration de la cr\u00e9atrice.  A offrir ou \u00e0 s&#039;offrir pour un cadeau fait main, unique!\" \/>\n<meta property=\"og:url\" content=\"https:\/\/xn--lescrationsdemarie-fwb.fr\/index.php\/produit\/commande-personnalise\/\" \/>\n<meta property=\"og:site_name\" content=\"Les cr\u00e9ations de Marie\" \/>\n<meta property=\"article:modified_time\" content=\"2025-03-29T14:19:22+00:00\" \/>\n<meta property=\"og:image\" content=\"https:\/\/lescr\u00e9ationsdemarie.fr\/wp-content\/uploads\/2024\/03\/bonhomme-1.png\" \/>\n\t<meta property=\"og:image:width\" content=\"522\" \/>\n\t<meta property=\"og:image:height\" content=\"540\" \/>\n\t<meta property=\"og:image:type\" content=\"image\/png\" \/>\n<meta name=\"twitter:card\" content=\"summary_large_image\" \/>\n<meta name=\"twitter:label1\" content=\"Dur\u00e9e de lecture estim\u00e9e\" \/>\n\t<meta name=\"twitter:data1\" content=\"1 minute\" \/>\n<script type=\"application\/ld+json\" class=\"yoast-schema-graph\">{\"@context\":\"https:\/\/schema.org\",\"@graph\":[{\"@type\":\"WebPage\",\"@id\":\"https:\/\/xn--lescrationsdemarie-fwb.fr\/index.php\/produit\/commande-personnalise\/\",\"url\":\"https:\/\/xn--lescrationsdemarie-fwb.fr\/index.php\/produit\/commande-personnalise\/\",\"name\":\"Cr\u00e9ation Personnalis\u00e9e - Les cr\u00e9ations de Marie\",\"isPartOf\":{\"@id\":\"https:\/\/xn--lescrationsdemarie-fwb.fr\/#website\"},\"primaryImageOfPage\":{\"@id\":\"https:\/\/xn--lescrationsdemarie-fwb.fr\/index.php\/produit\/commande-personnalise\/#primaryimage\"},\"image\":{\"@id\":\"https:\/\/xn--lescrationsdemarie-fwb.fr\/index.php\/produit\/commande-personnalise\/#primaryimage\"},\"thumbnailUrl\":\"https:\/\/lescr\u00e9ationsdemarie.fr\/wp-content\/uploads\/2024\/03\/bonhomme-1.png\",\"datePublished\":\"2024-03-19T08:47:32+00:00\",\"dateModified\":\"2025-03-29T14:19:22+00:00\",\"breadcrumb\":{\"@id\":\"https:\/\/xn--lescrationsdemarie-fwb.fr\/index.php\/produit\/commande-personnalise\/#breadcrumb\"},\"inLanguage\":\"fr-FR\",\"potentialAction\":[{\"@type\":\"ReadAction\",\"target\":[\"https:\/\/xn--lescrationsdemarie-fwb.fr\/index.php\/produit\/commande-personnalise\/\"]}]},{\"@type\":\"ImageObject\",\"inLanguage\":\"fr-FR\",\"@id\":\"https:\/\/xn--lescrationsdemarie-fwb.fr\/index.php\/produit\/commande-personnalise\/#primaryimage\",\"url\":\"https:\/\/lescr\u00e9ationsdemarie.fr\/wp-content\/uploads\/2024\/03\/bonhomme-1.png\",\"contentUrl\":\"https:\/\/lescr\u00e9ationsdemarie.fr\/wp-content\/uploads\/2024\/03\/bonhomme-1.png\",\"width\":522,\"height\":540},{\"@type\":\"BreadcrumbList\",\"@id\":\"https:\/\/xn--lescrationsdemarie-fwb.fr\/index.php\/produit\/commande-personnalise\/#breadcrumb\",\"itemListElement\":[{\"@type\":\"ListItem\",\"position\":1,\"name\":\"Accueil\",\"item\":\"https:\/\/xn--lescrationsdemarie-fwb.fr\/\"},{\"@type\":\"ListItem\",\"position\":2,\"name\":\"Boutique\",\"item\":\"https:\/\/xn--lescrationsdemarie-fwb.fr\/index.php\/boutique\/\"},{\"@type\":\"ListItem\",\"position\":3,\"name\":\"Cr\u00e9ation Personnalis\u00e9e\"}]},{\"@type\":\"WebSite\",\"@id\":\"https:\/\/xn--lescrationsdemarie-fwb.fr\/#website\",\"url\":\"https:\/\/xn--lescrationsdemarie-fwb.fr\/\",\"name\":\"Les cr\u00e9ations de Marie\",\"description\":\"Un site utilisant WordPress\",\"potentialAction\":[{\"@type\":\"SearchAction\",\"target\":{\"@type\":\"EntryPoint\",\"urlTemplate\":\"https:\/\/xn--lescrationsdemarie-fwb.fr\/?s={search_term_string}\"},\"query-input\":{\"@type\":\"PropertyValueSpecification\",\"valueRequired\":true,\"valueName\":\"search_term_string\"}}],\"inLanguage\":\"fr-FR\"}]}<\/script>\n<!-- \/ Yoast SEO plugin. -->","yoast_head_json":{"title":"Cr\u00e9ation Personnalis\u00e9e - Les cr\u00e9ations de Marie","robots":{"index":"index","follow":"follow","max-snippet":"max-snippet:-1","max-image-preview":"max-image-preview:large","max-video-preview":"max-video-preview:-1"},"canonical":"https:\/\/xn--lescrationsdemarie-fwb.fr\/index.php\/produit\/commande-personnalise\/","og_locale":"fr_FR","og_type":"article","og_title":"Cr\u00e9ation Personnalis\u00e9e - Les cr\u00e9ations de Marie","og_description":"Personnage d\u00e9coratif peint enti\u00e8rement \u00e0 la main, \u00e0 partir de pots de fleurs en terre cuite, fabriqu\u00e9 au c\u0153ur de l'auvergne dans mon atelier !  Les motifs et les personnalisations sont faits aux pinceaux, le choix de la police et de la disposition sera r\u00e9alis\u00e9 au gr\u00e9 de l'inspiration de la cr\u00e9atrice.  A offrir ou \u00e0 s'offrir pour un cadeau fait main, unique!","og_url":"https:\/\/xn--lescrationsdemarie-fwb.fr\/index.php\/produit\/commande-personnalise\/","og_site_name":"Les cr\u00e9ations de Marie","article_modified_time":"2025-03-29T14:19:22+00:00","og_image":[{"width":522,"height":540,"url":"https:\/\/lescr\u00e9ationsdemarie.fr\/wp-content\/uploads\/2024\/03\/bonhomme-1.png","type":"image\/png"}],"twitter_card":"summary_large_image","twitter_misc":{"Dur\u00e9e de lecture estim\u00e9e":"1 minute"},"schema":{"@context":"https:\/\/schema.org","@graph":[{"@type":"WebPage","@id":"https:\/\/xn--lescrationsdemarie-fwb.fr\/index.php\/produit\/commande-personnalise\/","url":"https:\/\/xn--lescrationsdemarie-fwb.fr\/index.php\/produit\/commande-personnalise\/","name":"Cr\u00e9ation Personnalis\u00e9e - Les cr\u00e9ations de Marie","isPartOf":{"@id":"https:\/\/xn--lescrationsdemarie-fwb.fr\/#website"},"primaryImageOfPage":{"@id":"https:\/\/xn--lescrationsdemarie-fwb.fr\/index.php\/produit\/commande-personnalise\/#primaryimage"},"image":{"@id":"https:\/\/xn--lescrationsdemarie-fwb.fr\/index.php\/produit\/commande-personnalise\/#primaryimage"},"thumbnailUrl":"https:\/\/lescr\u00e9ationsdemarie.fr\/wp-content\/uploads\/2024\/03\/bonhomme-1.png","datePublished":"2024-03-19T08:47:32+00:00","dateModified":"2025-03-29T14:19:22+00:00","breadcrumb":{"@id":"https:\/\/xn--lescrationsdemarie-fwb.fr\/index.php\/produit\/commande-personnalise\/#breadcrumb"},"inLanguage":"fr-FR","potentialAction":[{"@type":"ReadAction","target":["https:\/\/xn--lescrationsdemarie-fwb.fr\/index.php\/produit\/commande-personnalise\/"]}]},{"@type":"ImageObject","inLanguage":"fr-FR","@id":"https:\/\/xn--lescrationsdemarie-fwb.fr\/index.php\/produit\/commande-personnalise\/#primaryimage","url":"https:\/\/lescr\u00e9ationsdemarie.fr\/wp-content\/uploads\/2024\/03\/bonhomme-1.png","contentUrl":"https:\/\/lescr\u00e9ationsdemarie.fr\/wp-content\/uploads\/2024\/03\/bonhomme-1.png","width":522,"height":540},{"@type":"BreadcrumbList","@id":"https:\/\/xn--lescrationsdemarie-fwb.fr\/index.php\/produit\/commande-personnalise\/#breadcrumb","itemListElement":[{"@type":"ListItem","position":1,"name":"Accueil","item":"https:\/\/xn--lescrationsdemarie-fwb.fr\/"},{"@type":"ListItem","position":2,"name":"Boutique","item":"https:\/\/xn--lescrationsdemarie-fwb.fr\/index.php\/boutique\/"},{"@type":"ListItem","position":3,"name":"Cr\u00e9ation Personnalis\u00e9e"}]},{"@type":"WebSite","@id":"https:\/\/xn--lescrationsdemarie-fwb.fr\/#website","url":"https:\/\/xn--lescrationsdemarie-fwb.fr\/","name":"Les cr\u00e9ations de Marie","description":"Un site utilisant WordPress","potentialAction":[{"@type":"SearchAction","target":{"@type":"EntryPoint","urlTemplate":"https:\/\/xn--lescrationsdemarie-fwb.fr\/?s={search_term_string}"},"query-input":{"@type":"PropertyValueSpecification","valueRequired":true,"valueName":"search_term_string"}}],"inLanguage":"fr-FR"}]}},"jetpack_sharing_enabled":true,"_links":{"self":[{"href":"https:\/\/xn--lescrationsdemarie-fwb.fr\/index.php\/wp-json\/wp\/v2\/product\/2212","targetHints":{"allow":["GET"]}}],"collection":[{"href":"https:\/\/xn--lescrationsdemarie-fwb.fr\/index.php\/wp-json\/wp\/v2\/product"}],"about":[{"href":"https:\/\/xn--lescrationsdemarie-fwb.fr\/index.php\/wp-json\/wp\/v2\/types\/product"}],"replies":[{"embeddable":true,"href":"https:\/\/xn--lescrationsdemarie-fwb.fr\/index.php\/wp-json\/wp\/v2\/comments?post=2212"}],"wp:featuredmedia":[{"embeddable":true,"href":"https:\/\/xn--lescrationsdemarie-fwb.fr\/index.php\/wp-json\/wp\/v2\/media\/2244"}],"wp:attachment":[{"href":"https:\/\/xn--lescrationsdemarie-fwb.fr\/index.php\/wp-json\/wp\/v2\/media?parent=2212"}],"wp:term":[{"taxonomy":"product_brand","embeddable":true,"href":"https:\/\/xn--lescrationsdemarie-fwb.fr\/index.php\/wp-json\/wp\/v2\/product_brand?post=2212"},{"taxonomy":"product_cat","embeddable":true,"href":"https:\/\/xn--lescrationsdemarie-fwb.fr\/index.php\/wp-json\/wp\/v2\/product_cat?post=2212"},{"taxonomy":"product_tag","embeddable":true,"href":"https:\/\/xn--lescrationsdemarie-fwb.fr\/index.php\/wp-json\/wp\/v2\/product_tag?post=2212"},{"taxonomy":"giftcard-category","embeddable":true,"href":"https:\/\/xn--lescrationsdemarie-fwb.fr\/index.php\/wp-json\/wp\/v2\/giftcard-category?post=2212"}],"curies":[{"name":"wp","href":"https:\/\/api.w.org\/{rel}","templated":true}]}}