{"id":253,"date":"2023-09-20T15:54:22","date_gmt":"2023-09-20T13:54:22","guid":{"rendered":"https:\/\/xn--lescrationsdemarie-fwb.fr\/?post_type=product&#038;p=253"},"modified":"2025-02-02T16:39:10","modified_gmt":"2025-02-02T15:39:10","slug":"cerfs-ombre","status":"publish","type":"product","link":"https:\/\/xn--lescrationsdemarie-fwb.fr\/index.php\/produit\/cerfs-ombre\/","title":{"rendered":"Pierre"},"content":{"rendered":"<p class=\"gmail_attr\" dir=\"ltr\"><strong>Les Cr\u00e9ations de Marie : une combinaison de nature &amp; de cr\u00e9ativit\u00e9 qui saura s\u00e9duire les amateurs de d\u00e9corations originales. Le cadeau exceptionnel, fabriqu\u00e9 dans le Cantal, c\u2019est par ici !<\/strong><\/p>\n<h6 class=\"gmail_attr\" dir=\"ltr\">1. Description :<\/h6>\n<p class=\"gmail_attr\" dir=\"ltr\">Ce personnage pot de fleurs, orn\u00e9 d\u2019un visage expressif, apporte une touche ludique et color\u00e9e \u00e0 votre d\u00e9coration int\u00e9rieure. Fabriqu\u00e9 \u00e0 partir de pots en terre, il est \u00e0 la fois durable et esth\u00e9tique, id\u00e9al pour mettre en valeur vos plantes pr\u00e9f\u00e9r\u00e9es. Son design unique et charmant en fait un excellent choix pour \u00e9gayer n\u2019importe quel espace, que ce soit en int\u00e9rieur comme en ext\u00e9rieur.<\/p>\n<p class=\"gmail_attr\" dir=\"ltr\">D\u00e9couvrez ma charmante collection de \u00ab\u00a0Personnages pot de fleur\u00a0\u00bb, o\u00f9 chaque pi\u00e8ce est soigneusement peinte \u00e0 la main pour capturer des expressions uniques. Cache-pot pour une fleur, pot \u00e0 crayons, d\u00e9coration de cuisine ou encore de salle de bain, il y en a pour tous les go\u00fbts.<\/p>\n<p class=\"gmail_attr\" dir=\"ltr\">Veuillez noter que les couleurs r\u00e9elles de la cr\u00e9ation peuvent diff\u00e9rer l\u00e9g\u00e8rement de leur apparence sur votre \u00e9cran.<\/p>\n<h6 class=\"gmail_attr\" dir=\"ltr\">2. Personnalisation :<\/h6>\n<p class=\"gmail_attr\" dir=\"ltr\">Personnalisables \u00e0 l\u2019infini pour un cadeau au succ\u00e8s garanti ! A offrir ou \u00e0 s\u2019offrir pour tout \u00e9v\u00e8nement, anniversaire, naissance, mariage, etc.<\/p>\n<p dir=\"ltr\">Dans la case \u00ab\u00a0Personnalisation\u00a0\u00bb, vous pouvez m\u2019indiquer les modifications que vous souhaitez apporter \u00e0 la cr\u00e9ation : changement des couleurs, ajout d\u2019une inscription, d\u2019un pr\u00e9nom, d\u2019une date, etc.. Vous pouvez choisir un mod\u00e8le sans apporter de modification si celui-ci vous convient.<\/p>\n<p dir=\"ltr\">Pour les Cr\u00e9ations Naissance par exemple, veuillez m\u2019indiquer les informations concernant la naissance de l\u2019enfant : date de naissance, poids, taille, pr\u00e9noms, heure de naissance.<\/p>\n<p dir=\"ltr\">Si vous souhaitez faire personnaliser enti\u00e8rement une cr\u00e9ation, je vous invite \u00e0 d\u00e9couvrir la rubrique \u00ab\u00a0Personnalisation\u00a0\u00bb et laissez vous guider par les diff\u00e9rentes \u00e9tapes. Je vous accompagne si besoin pour trouver le mod\u00e8le unique qui vous plaira (contact via la rubrique \u00ab\u00a0O\u00f9 me trouver\u00a0\u00bb).<\/p>\n<h6 dir=\"ltr\"><\/h6>\n<h6 dir=\"ltr\">3. Exp\u00e9dition :<\/h6>\n<p dir=\"ltr\">Les emballages cadeaux sont uniquement r\u00e9alis\u00e9s pour les livraisons des cr\u00e9ations en main propre.<\/p>\n<p dir=\"ltr\">Pour vous assurer une livraison sans dommages pendant le transport, aucun emballage cadeau n\u2019est r\u00e9alis\u00e9 lors d\u2019un envoi, mais un emballage soign\u00e9 pour prot\u00e9ger de la casse. Un message peut \u00eatre gliss\u00e9 dans le carton \u00e0 votre demande pour un cadeau.<\/p>\n<h6 dir=\"ltr\"><\/h6>\n<h6 dir=\"ltr\">4. Conseils d\u2019utilisation et d\u2019entretien :<\/h6>\n<p dir=\"ltr\">Exposition int\u00e9rieure et ext\u00e9rieure, craint le gel et une longue exposition au soleil peut faire ternir les couleurs et d\u00e9t\u00e9riorer les accessoires (bouton, dentelle, etc..). R\u00e9siste \u00e0 l\u2019eau gr\u00e2ce \u00e0 un vernis sp\u00e9cial pour l\u2019ext\u00e9rieur. Nettoyage \u00e0 l\u2019eau \u00e0 l\u2019aide d\u2019un chiffon humide.<\/p>\n<h6 dir=\"ltr\">5. Droits d\u2019auteur :<\/h6>\n<p dir=\"ltr\">Les Cr\u00e9ations de Marie, \u00ab Marque Fran\u00e7aise d\u00e9pos\u00e9e \u00bb, c\u2019est de la d\u00e9co, de la cr\u00e9ation, de l\u2019artisanat, de la couleur, du sur-mesure, le tout r\u00e9alis\u00e9 avec beaucoup d\u2019amour et de passion ! L\u2019entreprise Les Cr\u00e9ations de Marie reste d\u00e9tenteur des droits d\u2019auteur de toutes ses cr\u00e9ations r\u00e9alis\u00e9es \u00e0 la main. La reproduction de mes cr\u00e9ations et de leurs motifs est strictement interdite.<\/p>\n<h6 dir=\"ltr\">6. D\u00e9lais de r\u00e9alisation :<\/h6>\n<p dir=\"ltr\">Comptez 5 \u00e0 7 jours ouvr\u00e9s de fabrication, comptez ensuite 2 jours minimum ouvr\u00e9s pour la livraison (selon le mode d\u2019envoi). Envoi uniquement vers la France. Possibilit\u00e9 de remise en main propre possible dans les villes de Saint-Flour et d\u2019Aurillac (15 \u2013 d\u00e9partement du Cantal).<\/p>\n<p dir=\"ltr\">Si vous souhaitez commander une cr\u00e9ation pour une date bien pr\u00e9cise (ex: anniversaire), merci de bien vouloir m\u2019indiquer dans la case \u00ab\u00a0Personnalisation\u00a0\u00bb la date \u00e0 laquelle il vous faut imp\u00e9rativement la cr\u00e9ation afin que je puisse pr\u00e9parer votre commande en priorit\u00e9.<\/p>\n<p>*Les plantes et autres objets de d\u00e9coration ne sont pas incluses avec l\u2019article command\u00e9.<\/p>\n<p dir=\"ltr\">Belle d\u00e9couverte de mon univers cr\u00e9atif!!<\/p>\n<h6><strong>LES CREATIONS DE MARIE<\/strong>\u00a0: Marque fran\u00e7aise d\u00e9pos\u00e9e\u00a0<img decoding=\"async\" class=\"wp-image-30 alignnone\" src=\"http:\/\/xn--lescrationsdemarie-fwb.fr\/wp-content\/uploads\/2023\/09\/LOGO-Marque-depose-300x236.jpg\" sizes=\"(max-width: 138px) 100vw, 138px\" srcset=\"https:\/\/lescr\u00e9ationsdemarie.fr\/wp-content\/uploads\/2023\/09\/LOGO-Marque-depose-300x236.jpg 300w, https:\/\/lescr\u00e9ationsdemarie.fr\/wp-content\/uploads\/2023\/09\/LOGO-Marque-depose-116x91.jpg 116w, https:\/\/lescr\u00e9ationsdemarie.fr\/wp-content\/uploads\/2023\/09\/LOGO-Marque-depose.jpg 476w\" alt=\"\" width=\"138\" height=\"109\" \/><\/h6>\n","protected":false},"excerpt":{"rendered":"<h6 class=\"gmail_attr\" dir=\"ltr\"><strong>Les Cr\u00e9ations de Marie : une combinaison de nature &amp; de cr\u00e9ativit\u00e9 qui saura s\u00e9duire les amateurs de d\u00e9corations originales. Le cadeau exceptionnel, fabriqu\u00e9 dans le Cantal, c\u2019est par ici !<\/strong><\/h6>\n<p class=\"gmail_attr\" dir=\"ltr\">Ce personnage pot de fleurs, orn\u00e9 d\u2019un visage expressif, apporte une touche ludique et color\u00e9e \u00e0 votre d\u00e9coration int\u00e9rieure. Fabriqu\u00e9 \u00e0 partir de pots en terre, il est \u00e0 la fois durable et esth\u00e9tique, id\u00e9al pour mettre en valeur vos plantes pr\u00e9f\u00e9r\u00e9es.<\/p>\n","protected":false},"featured_media":3869,"comment_status":"closed","ping_status":"closed","template":"","meta":{"content-type":"","site-sidebar-layout":"default","site-content-layout":"","ast-site-content-layout":"default","site-content-style":"default","site-sidebar-style":"default","ast-global-header-display":"","ast-banner-title-visibility":"","ast-main-header-display":"","ast-hfb-above-header-display":"","ast-hfb-below-header-display":"","ast-hfb-mobile-header-display":"","site-post-title":"","ast-breadcrumbs-content":"","ast-featured-img":"","footer-sml-layout":"","theme-transparent-header-meta":"default","adv-header-id-meta":"","stick-header-meta":"","header-above-stick-meta":"","header-main-stick-meta":"","header-below-stick-meta":"","astra-migrate-meta-layouts":"set","ast-page-background-enabled":"default","ast-page-background-meta":{"desktop":{"background-color":"var(--ast-global-color-4)","background-image":"","background-repeat":"repeat","background-position":"center center","background-size":"auto","background-attachment":"scroll","background-type":"","background-media":"","overlay-type":"","overlay-color":"","overlay-opacity":"","overlay-gradient":""},"tablet":{"background-color":"","background-image":"","background-repeat":"repeat","background-position":"center center","background-size":"auto","background-attachment":"scroll","background-type":"","background-media":"","overlay-type":"","overlay-color":"","overlay-opacity":"","overlay-gradient":""},"mobile":{"background-color":"","background-image":"","background-repeat":"repeat","background-position":"center center","background-size":"auto","background-attachment":"scroll","background-type":"","background-media":"","overlay-type":"","overlay-color":"","overlay-opacity":"","overlay-gradient":""}},"ast-content-background-meta":{"desktop":{"background-color":"var(--ast-global-color-5)","background-image":"","background-repeat":"repeat","background-position":"center center","background-size":"auto","background-attachment":"scroll","background-type":"","background-media":"","overlay-type":"","overlay-color":"","overlay-opacity":"","overlay-gradient":""},"tablet":{"background-color":"var(--ast-global-color-5)","background-image":"","background-repeat":"repeat","background-position":"center center","background-size":"auto","background-attachment":"scroll","background-type":"","background-media":"","overlay-type":"","overlay-color":"","overlay-opacity":"","overlay-gradient":""},"mobile":{"background-color":"var(--ast-global-color-5)","background-image":"","background-repeat":"repeat","background-position":"center center","background-size":"auto","background-attachment":"scroll","background-type":"","background-media":"","overlay-type":"","overlay-color":"","overlay-opacity":"","overlay-gradient":""}}},"product_brand":[],"product_cat":[23,22],"product_tag":[],"giftcard-category":[],"class_list":{"0":"post-253","1":"product","2":"type-product","3":"status-publish","4":"has-post-thumbnail","6":"product_cat-animaux","7":"product_cat-personnage-decoratif-en-pot-de-terre","8":"desktop-align-center","9":"tablet-align-left","10":"mobile-align-left","12":"first","13":"instock","14":"shipping-taxable","15":"purchasable","16":"product-type-variable"},"yoast_head":"<!-- This site is optimized with the Yoast SEO plugin v26.5 - https:\/\/yoast.com\/wordpress\/plugins\/seo\/ -->\n<title>Pierre - Les cr\u00e9ations de Marie<\/title>\n<meta name=\"robots\" content=\"index, follow, max-snippet:-1, max-image-preview:large, max-video-preview:-1\" \/>\n<link rel=\"canonical\" href=\"https:\/\/xn--lescrationsdemarie-fwb.fr\/index.php\/produit\/cerfs-ombre\/\" \/>\n<meta property=\"og:locale\" content=\"fr_FR\" \/>\n<meta property=\"og:type\" content=\"article\" \/>\n<meta property=\"og:title\" content=\"Pierre - Les cr\u00e9ations de Marie\" \/>\n<meta property=\"og:description\" content=\"Les Cr\u00e9ations de Marie : une combinaison de nature &amp; de cr\u00e9ativit\u00e9 qui saura s\u00e9duire les amateurs de d\u00e9corations originales. Le cadeau exceptionnel, fabriqu\u00e9 dans le Cantal, c\u2019est par ici ! Ce personnage pot de fleurs, orn\u00e9 d\u2019un visage expressif, apporte une touche ludique et color\u00e9e \u00e0 votre d\u00e9coration int\u00e9rieure. Fabriqu\u00e9 \u00e0 partir de pots en terre, il est \u00e0 la fois durable et esth\u00e9tique, id\u00e9al pour mettre en valeur vos plantes pr\u00e9f\u00e9r\u00e9es.\" \/>\n<meta property=\"og:url\" content=\"https:\/\/xn--lescrationsdemarie-fwb.fr\/index.php\/produit\/cerfs-ombre\/\" \/>\n<meta property=\"og:site_name\" content=\"Les cr\u00e9ations de Marie\" \/>\n<meta property=\"article:modified_time\" content=\"2025-02-02T15:39:10+00:00\" \/>\n<meta property=\"og:image\" content=\"https:\/\/lescr\u00e9ationsdemarie.fr\/wp-content\/uploads\/2023\/09\/20241206_150447-scaled.jpg\" \/>\n\t<meta property=\"og:image:width\" content=\"1920\" \/>\n\t<meta property=\"og:image:height\" content=\"2560\" \/>\n\t<meta property=\"og:image:type\" content=\"image\/jpeg\" \/>\n<meta name=\"twitter:card\" content=\"summary_large_image\" \/>\n<meta name=\"twitter:label1\" content=\"Dur\u00e9e de lecture estim\u00e9e\" \/>\n\t<meta name=\"twitter:data1\" content=\"4 minutes\" \/>\n<script type=\"application\/ld+json\" class=\"yoast-schema-graph\">{\"@context\":\"https:\/\/schema.org\",\"@graph\":[{\"@type\":\"WebPage\",\"@id\":\"https:\/\/xn--lescrationsdemarie-fwb.fr\/index.php\/produit\/cerfs-ombre\/\",\"url\":\"https:\/\/xn--lescrationsdemarie-fwb.fr\/index.php\/produit\/cerfs-ombre\/\",\"name\":\"Pierre - Les cr\u00e9ations de Marie\",\"isPartOf\":{\"@id\":\"https:\/\/xn--lescrationsdemarie-fwb.fr\/#website\"},\"primaryImageOfPage\":{\"@id\":\"https:\/\/xn--lescrationsdemarie-fwb.fr\/index.php\/produit\/cerfs-ombre\/#primaryimage\"},\"image\":{\"@id\":\"https:\/\/xn--lescrationsdemarie-fwb.fr\/index.php\/produit\/cerfs-ombre\/#primaryimage\"},\"thumbnailUrl\":\"https:\/\/lescr\u00e9ationsdemarie.fr\/wp-content\/uploads\/2023\/09\/20241206_150447-scaled.jpg\",\"datePublished\":\"2023-09-20T13:54:22+00:00\",\"dateModified\":\"2025-02-02T15:39:10+00:00\",\"breadcrumb\":{\"@id\":\"https:\/\/xn--lescrationsdemarie-fwb.fr\/index.php\/produit\/cerfs-ombre\/#breadcrumb\"},\"inLanguage\":\"fr-FR\",\"potentialAction\":[{\"@type\":\"ReadAction\",\"target\":[\"https:\/\/xn--lescrationsdemarie-fwb.fr\/index.php\/produit\/cerfs-ombre\/\"]}]},{\"@type\":\"ImageObject\",\"inLanguage\":\"fr-FR\",\"@id\":\"https:\/\/xn--lescrationsdemarie-fwb.fr\/index.php\/produit\/cerfs-ombre\/#primaryimage\",\"url\":\"https:\/\/lescr\u00e9ationsdemarie.fr\/wp-content\/uploads\/2023\/09\/20241206_150447-scaled.jpg\",\"contentUrl\":\"https:\/\/lescr\u00e9ationsdemarie.fr\/wp-content\/uploads\/2023\/09\/20241206_150447-scaled.jpg\",\"width\":1920,\"height\":2560},{\"@type\":\"BreadcrumbList\",\"@id\":\"https:\/\/xn--lescrationsdemarie-fwb.fr\/index.php\/produit\/cerfs-ombre\/#breadcrumb\",\"itemListElement\":[{\"@type\":\"ListItem\",\"position\":1,\"name\":\"Accueil\",\"item\":\"https:\/\/xn--lescrationsdemarie-fwb.fr\/\"},{\"@type\":\"ListItem\",\"position\":2,\"name\":\"Boutique\",\"item\":\"https:\/\/xn--lescrationsdemarie-fwb.fr\/index.php\/boutique\/\"},{\"@type\":\"ListItem\",\"position\":3,\"name\":\"Pierre\"}]},{\"@type\":\"WebSite\",\"@id\":\"https:\/\/xn--lescrationsdemarie-fwb.fr\/#website\",\"url\":\"https:\/\/xn--lescrationsdemarie-fwb.fr\/\",\"name\":\"Les cr\u00e9ations de Marie\",\"description\":\"Un site utilisant WordPress\",\"potentialAction\":[{\"@type\":\"SearchAction\",\"target\":{\"@type\":\"EntryPoint\",\"urlTemplate\":\"https:\/\/xn--lescrationsdemarie-fwb.fr\/?s={search_term_string}\"},\"query-input\":{\"@type\":\"PropertyValueSpecification\",\"valueRequired\":true,\"valueName\":\"search_term_string\"}}],\"inLanguage\":\"fr-FR\"}]}<\/script>\n<!-- \/ Yoast SEO plugin. -->","yoast_head_json":{"title":"Pierre - Les cr\u00e9ations de Marie","robots":{"index":"index","follow":"follow","max-snippet":"max-snippet:-1","max-image-preview":"max-image-preview:large","max-video-preview":"max-video-preview:-1"},"canonical":"https:\/\/xn--lescrationsdemarie-fwb.fr\/index.php\/produit\/cerfs-ombre\/","og_locale":"fr_FR","og_type":"article","og_title":"Pierre - Les cr\u00e9ations de Marie","og_description":"Les Cr\u00e9ations de Marie : une combinaison de nature &amp; de cr\u00e9ativit\u00e9 qui saura s\u00e9duire les amateurs de d\u00e9corations originales. Le cadeau exceptionnel, fabriqu\u00e9 dans le Cantal, c\u2019est par ici ! Ce personnage pot de fleurs, orn\u00e9 d\u2019un visage expressif, apporte une touche ludique et color\u00e9e \u00e0 votre d\u00e9coration int\u00e9rieure. Fabriqu\u00e9 \u00e0 partir de pots en terre, il est \u00e0 la fois durable et esth\u00e9tique, id\u00e9al pour mettre en valeur vos plantes pr\u00e9f\u00e9r\u00e9es.","og_url":"https:\/\/xn--lescrationsdemarie-fwb.fr\/index.php\/produit\/cerfs-ombre\/","og_site_name":"Les cr\u00e9ations de Marie","article_modified_time":"2025-02-02T15:39:10+00:00","og_image":[{"width":1920,"height":2560,"url":"https:\/\/lescr\u00e9ationsdemarie.fr\/wp-content\/uploads\/2023\/09\/20241206_150447-scaled.jpg","type":"image\/jpeg"}],"twitter_card":"summary_large_image","twitter_misc":{"Dur\u00e9e de lecture estim\u00e9e":"4 minutes"},"schema":{"@context":"https:\/\/schema.org","@graph":[{"@type":"WebPage","@id":"https:\/\/xn--lescrationsdemarie-fwb.fr\/index.php\/produit\/cerfs-ombre\/","url":"https:\/\/xn--lescrationsdemarie-fwb.fr\/index.php\/produit\/cerfs-ombre\/","name":"Pierre - Les cr\u00e9ations de Marie","isPartOf":{"@id":"https:\/\/xn--lescrationsdemarie-fwb.fr\/#website"},"primaryImageOfPage":{"@id":"https:\/\/xn--lescrationsdemarie-fwb.fr\/index.php\/produit\/cerfs-ombre\/#primaryimage"},"image":{"@id":"https:\/\/xn--lescrationsdemarie-fwb.fr\/index.php\/produit\/cerfs-ombre\/#primaryimage"},"thumbnailUrl":"https:\/\/lescr\u00e9ationsdemarie.fr\/wp-content\/uploads\/2023\/09\/20241206_150447-scaled.jpg","datePublished":"2023-09-20T13:54:22+00:00","dateModified":"2025-02-02T15:39:10+00:00","breadcrumb":{"@id":"https:\/\/xn--lescrationsdemarie-fwb.fr\/index.php\/produit\/cerfs-ombre\/#breadcrumb"},"inLanguage":"fr-FR","potentialAction":[{"@type":"ReadAction","target":["https:\/\/xn--lescrationsdemarie-fwb.fr\/index.php\/produit\/cerfs-ombre\/"]}]},{"@type":"ImageObject","inLanguage":"fr-FR","@id":"https:\/\/xn--lescrationsdemarie-fwb.fr\/index.php\/produit\/cerfs-ombre\/#primaryimage","url":"https:\/\/lescr\u00e9ationsdemarie.fr\/wp-content\/uploads\/2023\/09\/20241206_150447-scaled.jpg","contentUrl":"https:\/\/lescr\u00e9ationsdemarie.fr\/wp-content\/uploads\/2023\/09\/20241206_150447-scaled.jpg","width":1920,"height":2560},{"@type":"BreadcrumbList","@id":"https:\/\/xn--lescrationsdemarie-fwb.fr\/index.php\/produit\/cerfs-ombre\/#breadcrumb","itemListElement":[{"@type":"ListItem","position":1,"name":"Accueil","item":"https:\/\/xn--lescrationsdemarie-fwb.fr\/"},{"@type":"ListItem","position":2,"name":"Boutique","item":"https:\/\/xn--lescrationsdemarie-fwb.fr\/index.php\/boutique\/"},{"@type":"ListItem","position":3,"name":"Pierre"}]},{"@type":"WebSite","@id":"https:\/\/xn--lescrationsdemarie-fwb.fr\/#website","url":"https:\/\/xn--lescrationsdemarie-fwb.fr\/","name":"Les cr\u00e9ations de Marie","description":"Un site utilisant WordPress","potentialAction":[{"@type":"SearchAction","target":{"@type":"EntryPoint","urlTemplate":"https:\/\/xn--lescrationsdemarie-fwb.fr\/?s={search_term_string}"},"query-input":{"@type":"PropertyValueSpecification","valueRequired":true,"valueName":"search_term_string"}}],"inLanguage":"fr-FR"}]}},"jetpack_sharing_enabled":true,"_links":{"self":[{"href":"https:\/\/xn--lescrationsdemarie-fwb.fr\/index.php\/wp-json\/wp\/v2\/product\/253","targetHints":{"allow":["GET"]}}],"collection":[{"href":"https:\/\/xn--lescrationsdemarie-fwb.fr\/index.php\/wp-json\/wp\/v2\/product"}],"about":[{"href":"https:\/\/xn--lescrationsdemarie-fwb.fr\/index.php\/wp-json\/wp\/v2\/types\/product"}],"replies":[{"embeddable":true,"href":"https:\/\/xn--lescrationsdemarie-fwb.fr\/index.php\/wp-json\/wp\/v2\/comments?post=253"}],"wp:featuredmedia":[{"embeddable":true,"href":"https:\/\/xn--lescrationsdemarie-fwb.fr\/index.php\/wp-json\/wp\/v2\/media\/3869"}],"wp:attachment":[{"href":"https:\/\/xn--lescrationsdemarie-fwb.fr\/index.php\/wp-json\/wp\/v2\/media?parent=253"}],"wp:term":[{"taxonomy":"product_brand","embeddable":true,"href":"https:\/\/xn--lescrationsdemarie-fwb.fr\/index.php\/wp-json\/wp\/v2\/product_brand?post=253"},{"taxonomy":"product_cat","embeddable":true,"href":"https:\/\/xn--lescrationsdemarie-fwb.fr\/index.php\/wp-json\/wp\/v2\/product_cat?post=253"},{"taxonomy":"product_tag","embeddable":true,"href":"https:\/\/xn--lescrationsdemarie-fwb.fr\/index.php\/wp-json\/wp\/v2\/product_tag?post=253"},{"taxonomy":"giftcard-category","embeddable":true,"href":"https:\/\/xn--lescrationsdemarie-fwb.fr\/index.php\/wp-json\/wp\/v2\/giftcard-category?post=253"}],"curies":[{"name":"wp","href":"https:\/\/api.w.org\/{rel}","templated":true}]}}