{"id":989,"date":"2023-10-09T14:07:56","date_gmt":"2023-10-09T12:07:56","guid":{"rendered":"https:\/\/xn--lescrationsdemarie-fwb.fr\/?post_type=product&#038;p=989"},"modified":"2024-03-24T12:32:19","modified_gmt":"2024-03-24T11:32:19","slug":"design-rouge-a-levre","status":"publish","type":"product","link":"https:\/\/xn--lescrationsdemarie-fwb.fr\/index.php\/produit\/design-rouge-a-levre\/","title":{"rendered":"Design rouge \u00e0 l\u00e8vre"},"content":{"rendered":"<p>Pot en terre cuite peint enti\u00e8rement \u00e0 la main.<\/p>\n<p>Il est possible rajouter gratuitement une personnalisation ( des pr\u00e9noms, dates, \u00e9v\u00e8nement ) sur le pot.<\/p>\n<p>Les motifs et les personnalisations sont fait aux pinceaux, le choix de la police et de la disposition sera r\u00e9alis\u00e9 au gr\u00e9 de l&rsquo;inspiration de la cr\u00e9atrice.<\/p>\n<p><em>Conseil d&rsquo;utilisation et d&rsquo;entretien<\/em><\/p>\n<p>Exposition int\u00e9rieur et ext\u00e9rieur, craint le gel et une longue exposition au soleil peut faire ternir les couleurs et d\u00e9t\u00e9riorer les accessoires.\u00a0 Nettoyage \u00e0 l&rsquo;eau \u00e0 l&rsquo;aide d&rsquo;un chiffon humide. Non adapt\u00e9s \u00e0 l&rsquo;usage alimentaire.<\/p>\n<p>D\u00e9coration id\u00e9ale pour un effet \u00e9pur\u00e9 et moderne<\/p>\n<p><strong>id\u00e9e cadeau: rangement maquillage, pot \u00e0 crayon, pot de fleurs!<\/strong><\/p>\n<p>Pour une cr\u00e9ation personnalisable, voir page <a href=\"https:\/\/xn--lescrationsdemarie-fwb.fr\/index.php\/page-d-exemple\/\">Personnalisation<\/a><\/p>\n<p>&nbsp;<\/p>\n<p>Marque fran\u00e7aise d\u00e9pos\u00e9 <img fetchpriority=\"high\" decoding=\"async\" class=\"alignnone size-medium wp-image-30\" src=\"http:\/\/xn--lescrationsdemarie-fwb.fr\/wp-content\/uploads\/2023\/09\/LOGO-Marque-depose-300x236.jpg\" alt=\"\" width=\"300\" height=\"236\" srcset=\"https:\/\/lescr\u00e9ationsdemarie.fr\/wp-content\/uploads\/2023\/09\/LOGO-Marque-depose-300x236.jpg 300w, https:\/\/lescr\u00e9ationsdemarie.fr\/wp-content\/uploads\/2023\/09\/LOGO-Marque-depose-116x91.jpg 116w, https:\/\/lescr\u00e9ationsdemarie.fr\/wp-content\/uploads\/2023\/09\/LOGO-Marque-depose.jpg 476w\" sizes=\"(max-width: 300px) 100vw, 300px\" \/><\/p>\n<p>&nbsp;<\/p>\n","protected":false},"excerpt":{"rendered":"<p>Comptez 3 \u00e0 5 jours ouvr\u00e9s de fabrication, comptez ensuite 2 jours minimum ouvres pour la livraison ( selon mode d&rsquo;envoie ). Envoie uniquement vers la France<\/p>\n<p>Remise en main propre possible \u00e0 Saint-Flour (15)<\/p>\n<p>Fait main<\/p>\n<p>*Les plantes et autres objets de d\u00e9corations\u00a0 ne sont pas inclues avec cet articles<\/p>\n","protected":false},"featured_media":995,"comment_status":"closed","ping_status":"closed","template":"","meta":{"content-type":"","site-sidebar-layout":"default","site-content-layout":"","ast-site-content-layout":"default","site-content-style":"default","site-sidebar-style":"default","ast-global-header-display":"","ast-banner-title-visibility":"","ast-main-header-display":"","ast-hfb-above-header-display":"","ast-hfb-below-header-display":"","ast-hfb-mobile-header-display":"","site-post-title":"","ast-breadcrumbs-content":"","ast-featured-img":"","footer-sml-layout":"","theme-transparent-header-meta":"default","adv-header-id-meta":"","stick-header-meta":"","header-above-stick-meta":"","header-main-stick-meta":"","header-below-stick-meta":"","astra-migrate-meta-layouts":"set","ast-page-background-enabled":"default","ast-page-background-meta":{"desktop":{"background-color":"var(--ast-global-color-4)","background-image":"","background-repeat":"repeat","background-position":"center center","background-size":"auto","background-attachment":"scroll","background-type":"","background-media":"","overlay-type":"","overlay-color":"","overlay-opacity":"","overlay-gradient":""},"tablet":{"background-color":"","background-image":"","background-repeat":"repeat","background-position":"center center","background-size":"auto","background-attachment":"scroll","background-type":"","background-media":"","overlay-type":"","overlay-color":"","overlay-opacity":"","overlay-gradient":""},"mobile":{"background-color":"","background-image":"","background-repeat":"repeat","background-position":"center center","background-size":"auto","background-attachment":"scroll","background-type":"","background-media":"","overlay-type":"","overlay-color":"","overlay-opacity":"","overlay-gradient":""}},"ast-content-background-meta":{"desktop":{"background-color":"var(--ast-global-color-5)","background-image":"","background-repeat":"repeat","background-position":"center center","background-size":"auto","background-attachment":"scroll","background-type":"","background-media":"","overlay-type":"","overlay-color":"","overlay-opacity":"","overlay-gradient":""},"tablet":{"background-color":"var(--ast-global-color-5)","background-image":"","background-repeat":"repeat","background-position":"center center","background-size":"auto","background-attachment":"scroll","background-type":"","background-media":"","overlay-type":"","overlay-color":"","overlay-opacity":"","overlay-gradient":""},"mobile":{"background-color":"var(--ast-global-color-5)","background-image":"","background-repeat":"repeat","background-position":"center center","background-size":"auto","background-attachment":"scroll","background-type":"","background-media":"","overlay-type":"","overlay-color":"","overlay-opacity":"","overlay-gradient":""}}},"product_brand":[],"product_cat":[36],"product_tag":[],"giftcard-category":[],"class_list":{"0":"post-989","1":"product","2":"type-product","3":"status-publish","4":"has-post-thumbnail","6":"product_cat-pot-en-terre-cuite","7":"desktop-align-center","8":"tablet-align-left","9":"mobile-align-left","11":"first","12":"instock","13":"shipping-taxable","14":"purchasable","15":"product-type-variable"},"yoast_head":"<!-- This site is optimized with the Yoast SEO plugin v26.5 - https:\/\/yoast.com\/wordpress\/plugins\/seo\/ -->\n<title>Design rouge \u00e0 l\u00e8vre - Les cr\u00e9ations de Marie<\/title>\n<meta name=\"robots\" content=\"index, follow, max-snippet:-1, max-image-preview:large, max-video-preview:-1\" \/>\n<link rel=\"canonical\" href=\"https:\/\/xn--lescrationsdemarie-fwb.fr\/index.php\/produit\/design-rouge-a-levre\/\" \/>\n<meta property=\"og:locale\" content=\"fr_FR\" \/>\n<meta property=\"og:type\" content=\"article\" \/>\n<meta property=\"og:title\" content=\"Design rouge \u00e0 l\u00e8vre - Les cr\u00e9ations de Marie\" \/>\n<meta property=\"og:description\" content=\"Comptez 3 \u00e0 5 jours ouvr\u00e9s de fabrication, comptez ensuite 2 jours minimum ouvres pour la livraison ( selon mode d&#039;envoie ). Envoie uniquement vers la France  Remise en main propre possible \u00e0 Saint-Flour (15)  Fait main  *Les plantes et autres objets de d\u00e9corations\u00a0 ne sont pas inclues avec cet articles\" \/>\n<meta property=\"og:url\" content=\"https:\/\/xn--lescrationsdemarie-fwb.fr\/index.php\/produit\/design-rouge-a-levre\/\" \/>\n<meta property=\"og:site_name\" content=\"Les cr\u00e9ations de Marie\" \/>\n<meta property=\"article:modified_time\" content=\"2024-03-24T11:32:19+00:00\" \/>\n<meta property=\"og:image\" content=\"https:\/\/lescr\u00e9ationsdemarie.fr\/wp-content\/uploads\/2023\/10\/design-rouge-a-levre.jpg\" \/>\n\t<meta property=\"og:image:width\" content=\"1512\" \/>\n\t<meta property=\"og:image:height\" content=\"2016\" \/>\n\t<meta property=\"og:image:type\" content=\"image\/jpeg\" \/>\n<meta name=\"twitter:card\" content=\"summary_large_image\" \/>\n<meta name=\"twitter:label1\" content=\"Dur\u00e9e de lecture estim\u00e9e\" \/>\n\t<meta name=\"twitter:data1\" content=\"1 minute\" \/>\n<script type=\"application\/ld+json\" class=\"yoast-schema-graph\">{\"@context\":\"https:\/\/schema.org\",\"@graph\":[{\"@type\":\"WebPage\",\"@id\":\"https:\/\/xn--lescrationsdemarie-fwb.fr\/index.php\/produit\/design-rouge-a-levre\/\",\"url\":\"https:\/\/xn--lescrationsdemarie-fwb.fr\/index.php\/produit\/design-rouge-a-levre\/\",\"name\":\"Design rouge \u00e0 l\u00e8vre - Les cr\u00e9ations de Marie\",\"isPartOf\":{\"@id\":\"https:\/\/xn--lescrationsdemarie-fwb.fr\/#website\"},\"primaryImageOfPage\":{\"@id\":\"https:\/\/xn--lescrationsdemarie-fwb.fr\/index.php\/produit\/design-rouge-a-levre\/#primaryimage\"},\"image\":{\"@id\":\"https:\/\/xn--lescrationsdemarie-fwb.fr\/index.php\/produit\/design-rouge-a-levre\/#primaryimage\"},\"thumbnailUrl\":\"https:\/\/lescr\u00e9ationsdemarie.fr\/wp-content\/uploads\/2023\/10\/design-rouge-a-levre.jpg\",\"datePublished\":\"2023-10-09T12:07:56+00:00\",\"dateModified\":\"2024-03-24T11:32:19+00:00\",\"breadcrumb\":{\"@id\":\"https:\/\/xn--lescrationsdemarie-fwb.fr\/index.php\/produit\/design-rouge-a-levre\/#breadcrumb\"},\"inLanguage\":\"fr-FR\",\"potentialAction\":[{\"@type\":\"ReadAction\",\"target\":[\"https:\/\/xn--lescrationsdemarie-fwb.fr\/index.php\/produit\/design-rouge-a-levre\/\"]}]},{\"@type\":\"ImageObject\",\"inLanguage\":\"fr-FR\",\"@id\":\"https:\/\/xn--lescrationsdemarie-fwb.fr\/index.php\/produit\/design-rouge-a-levre\/#primaryimage\",\"url\":\"https:\/\/lescr\u00e9ationsdemarie.fr\/wp-content\/uploads\/2023\/10\/design-rouge-a-levre.jpg\",\"contentUrl\":\"https:\/\/lescr\u00e9ationsdemarie.fr\/wp-content\/uploads\/2023\/10\/design-rouge-a-levre.jpg\",\"width\":1512,\"height\":2016},{\"@type\":\"BreadcrumbList\",\"@id\":\"https:\/\/xn--lescrationsdemarie-fwb.fr\/index.php\/produit\/design-rouge-a-levre\/#breadcrumb\",\"itemListElement\":[{\"@type\":\"ListItem\",\"position\":1,\"name\":\"Accueil\",\"item\":\"https:\/\/xn--lescrationsdemarie-fwb.fr\/\"},{\"@type\":\"ListItem\",\"position\":2,\"name\":\"Boutique\",\"item\":\"https:\/\/xn--lescrationsdemarie-fwb.fr\/index.php\/boutique\/\"},{\"@type\":\"ListItem\",\"position\":3,\"name\":\"Design rouge \u00e0 l\u00e8vre\"}]},{\"@type\":\"WebSite\",\"@id\":\"https:\/\/xn--lescrationsdemarie-fwb.fr\/#website\",\"url\":\"https:\/\/xn--lescrationsdemarie-fwb.fr\/\",\"name\":\"Les cr\u00e9ations de Marie\",\"description\":\"Un site utilisant WordPress\",\"potentialAction\":[{\"@type\":\"SearchAction\",\"target\":{\"@type\":\"EntryPoint\",\"urlTemplate\":\"https:\/\/xn--lescrationsdemarie-fwb.fr\/?s={search_term_string}\"},\"query-input\":{\"@type\":\"PropertyValueSpecification\",\"valueRequired\":true,\"valueName\":\"search_term_string\"}}],\"inLanguage\":\"fr-FR\"}]}<\/script>\n<!-- \/ Yoast SEO plugin. -->","yoast_head_json":{"title":"Design rouge \u00e0 l\u00e8vre - Les cr\u00e9ations de Marie","robots":{"index":"index","follow":"follow","max-snippet":"max-snippet:-1","max-image-preview":"max-image-preview:large","max-video-preview":"max-video-preview:-1"},"canonical":"https:\/\/xn--lescrationsdemarie-fwb.fr\/index.php\/produit\/design-rouge-a-levre\/","og_locale":"fr_FR","og_type":"article","og_title":"Design rouge \u00e0 l\u00e8vre - Les cr\u00e9ations de Marie","og_description":"Comptez 3 \u00e0 5 jours ouvr\u00e9s de fabrication, comptez ensuite 2 jours minimum ouvres pour la livraison ( selon mode d'envoie ). Envoie uniquement vers la France  Remise en main propre possible \u00e0 Saint-Flour (15)  Fait main  *Les plantes et autres objets de d\u00e9corations\u00a0 ne sont pas inclues avec cet articles","og_url":"https:\/\/xn--lescrationsdemarie-fwb.fr\/index.php\/produit\/design-rouge-a-levre\/","og_site_name":"Les cr\u00e9ations de Marie","article_modified_time":"2024-03-24T11:32:19+00:00","og_image":[{"width":1512,"height":2016,"url":"https:\/\/lescr\u00e9ationsdemarie.fr\/wp-content\/uploads\/2023\/10\/design-rouge-a-levre.jpg","type":"image\/jpeg"}],"twitter_card":"summary_large_image","twitter_misc":{"Dur\u00e9e de lecture estim\u00e9e":"1 minute"},"schema":{"@context":"https:\/\/schema.org","@graph":[{"@type":"WebPage","@id":"https:\/\/xn--lescrationsdemarie-fwb.fr\/index.php\/produit\/design-rouge-a-levre\/","url":"https:\/\/xn--lescrationsdemarie-fwb.fr\/index.php\/produit\/design-rouge-a-levre\/","name":"Design rouge \u00e0 l\u00e8vre - Les cr\u00e9ations de Marie","isPartOf":{"@id":"https:\/\/xn--lescrationsdemarie-fwb.fr\/#website"},"primaryImageOfPage":{"@id":"https:\/\/xn--lescrationsdemarie-fwb.fr\/index.php\/produit\/design-rouge-a-levre\/#primaryimage"},"image":{"@id":"https:\/\/xn--lescrationsdemarie-fwb.fr\/index.php\/produit\/design-rouge-a-levre\/#primaryimage"},"thumbnailUrl":"https:\/\/lescr\u00e9ationsdemarie.fr\/wp-content\/uploads\/2023\/10\/design-rouge-a-levre.jpg","datePublished":"2023-10-09T12:07:56+00:00","dateModified":"2024-03-24T11:32:19+00:00","breadcrumb":{"@id":"https:\/\/xn--lescrationsdemarie-fwb.fr\/index.php\/produit\/design-rouge-a-levre\/#breadcrumb"},"inLanguage":"fr-FR","potentialAction":[{"@type":"ReadAction","target":["https:\/\/xn--lescrationsdemarie-fwb.fr\/index.php\/produit\/design-rouge-a-levre\/"]}]},{"@type":"ImageObject","inLanguage":"fr-FR","@id":"https:\/\/xn--lescrationsdemarie-fwb.fr\/index.php\/produit\/design-rouge-a-levre\/#primaryimage","url":"https:\/\/lescr\u00e9ationsdemarie.fr\/wp-content\/uploads\/2023\/10\/design-rouge-a-levre.jpg","contentUrl":"https:\/\/lescr\u00e9ationsdemarie.fr\/wp-content\/uploads\/2023\/10\/design-rouge-a-levre.jpg","width":1512,"height":2016},{"@type":"BreadcrumbList","@id":"https:\/\/xn--lescrationsdemarie-fwb.fr\/index.php\/produit\/design-rouge-a-levre\/#breadcrumb","itemListElement":[{"@type":"ListItem","position":1,"name":"Accueil","item":"https:\/\/xn--lescrationsdemarie-fwb.fr\/"},{"@type":"ListItem","position":2,"name":"Boutique","item":"https:\/\/xn--lescrationsdemarie-fwb.fr\/index.php\/boutique\/"},{"@type":"ListItem","position":3,"name":"Design rouge \u00e0 l\u00e8vre"}]},{"@type":"WebSite","@id":"https:\/\/xn--lescrationsdemarie-fwb.fr\/#website","url":"https:\/\/xn--lescrationsdemarie-fwb.fr\/","name":"Les cr\u00e9ations de Marie","description":"Un site utilisant WordPress","potentialAction":[{"@type":"SearchAction","target":{"@type":"EntryPoint","urlTemplate":"https:\/\/xn--lescrationsdemarie-fwb.fr\/?s={search_term_string}"},"query-input":{"@type":"PropertyValueSpecification","valueRequired":true,"valueName":"search_term_string"}}],"inLanguage":"fr-FR"}]}},"jetpack_sharing_enabled":true,"_links":{"self":[{"href":"https:\/\/xn--lescrationsdemarie-fwb.fr\/index.php\/wp-json\/wp\/v2\/product\/989","targetHints":{"allow":["GET"]}}],"collection":[{"href":"https:\/\/xn--lescrationsdemarie-fwb.fr\/index.php\/wp-json\/wp\/v2\/product"}],"about":[{"href":"https:\/\/xn--lescrationsdemarie-fwb.fr\/index.php\/wp-json\/wp\/v2\/types\/product"}],"replies":[{"embeddable":true,"href":"https:\/\/xn--lescrationsdemarie-fwb.fr\/index.php\/wp-json\/wp\/v2\/comments?post=989"}],"wp:featuredmedia":[{"embeddable":true,"href":"https:\/\/xn--lescrationsdemarie-fwb.fr\/index.php\/wp-json\/wp\/v2\/media\/995"}],"wp:attachment":[{"href":"https:\/\/xn--lescrationsdemarie-fwb.fr\/index.php\/wp-json\/wp\/v2\/media?parent=989"}],"wp:term":[{"taxonomy":"product_brand","embeddable":true,"href":"https:\/\/xn--lescrationsdemarie-fwb.fr\/index.php\/wp-json\/wp\/v2\/product_brand?post=989"},{"taxonomy":"product_cat","embeddable":true,"href":"https:\/\/xn--lescrationsdemarie-fwb.fr\/index.php\/wp-json\/wp\/v2\/product_cat?post=989"},{"taxonomy":"product_tag","embeddable":true,"href":"https:\/\/xn--lescrationsdemarie-fwb.fr\/index.php\/wp-json\/wp\/v2\/product_tag?post=989"},{"taxonomy":"giftcard-category","embeddable":true,"href":"https:\/\/xn--lescrationsdemarie-fwb.fr\/index.php\/wp-json\/wp\/v2\/giftcard-category?post=989"}],"curies":[{"name":"wp","href":"https:\/\/api.w.org\/{rel}","templated":true}]}}